{"id":7945,"date":"2022-04-06T07:50:52","date_gmt":"2022-04-06T07:50:52","guid":{"rendered":"https:\/\/www.carwashlaunion.com\/2021\/?page_id=7945"},"modified":"2022-04-06T07:54:31","modified_gmt":"2022-04-06T07:54:31","slug":"la-union-lavadro-calle-andres-pedreno","status":"publish","type":"page","link":"https:\/\/www.carwashlaunion.com\/2021\/?page_id=7945","title":{"rendered":"La Uni\u00f3n &#8211; Lavadero calle Andr\u00e9s Pedre\u00f1o"},"content":{"rendered":"\t\t<div class=\"cbs-main cbs-clear-fix cbs-template-public cbs-location-821 cbs-location-content-type-1\" id=\"cbs_0DE6855A9BC423BA40AA46E80B5E0C92\">\r\n\r\n\t\t\t<div class=\"cbs-notice cbs-notice-main\">\r\n\t\t\t\t<div class=\"cbs-notice-icon cbs-meta-icon\"><\/div>\r\n\t\t\t\t<div class=\"cbs-notice-content\">\r\n\t\t\t\t\t<div class=\"cbs-notice-header\"><\/div>\r\n\t\t\t\t\t<div class=\"cbs-notice-text\"><\/div>\r\n\t\t\t\t<\/div>\r\n\t\t\t<\/div>\r\n\t\t\t\r\n\t\t\t<form class=\"cbs-form\">\r\n\t\t\t\r\n\t\t\t\t<ul class=\"cbs-main-list cbs-clear-fix cbs-list-reset\">\r\n\t\t\t\t\t\r\n\t\t\t\t\t<!-- Location -->\r\n\r\n\t\t\t\t\t<li class=\"cbs-main-list-item cbs-main-list-item-location-list cbs-first-step cbs-clear-fix\">\r\n\r\n\t\t<div class=\"cbs-main-list-item-section-header cbs-clear-fix\">\r\n\t\t\t<span class=\"cbs-main-list-item-section-header-step\">\r\n\t\t\t\t<span>1<\/span>\r\n\t\t\t\t<span>\/5<\/span>\r\n\t\t\t<\/span>\r\n\t\t\t<h4 class=\"cbs-main-list-item-section-header-header\">\r\n<span>Seleccione la ubicaci\u00f3n<\/span>\t\t\t<\/h4>\r\n\t\t\t<h5 class=\"cbs-main-list-item-section-header-subheader\">\r\n<span>Seleccione la ubicaci\u00f3n de abajo.<\/span>\t\t\t\t\r\n\t\t\t\t\r\n\t\t\t<\/h5>\r\n\t\t<\/div>\t\t\t\t\t\t<div class=\"cbs-main-list-item-section-content cbs-clear-fix\">\r\n\t\t<ul class=\"cbs-location-list cbs-list-reset cbs-clear-fix\">\r\n\t\t\t<li class=\"cbs-location-id-831\">\r\n\t\t\t\t<div>\r\n\t\t\t\t\t<div>A domicilio (La Uni\u00f3n-Cartagena)<\/div>\r\n\t\t\t\t\t<a class=\"cbs-location-url\" href=\"https:\/\/www.carwashlaunion.com\/2021\/?page_id=7942\">Seleccione<\/a>\r\n\t\t\t\t<\/div>\r\n\t\t\t<\/li>\r\n\t\t\t<li class=\"cbs-location-id-821 cbs-state-selected\">\r\n\t\t\t\t<div>\r\n\t\t\t\t\t<div>Calle Andr\u00e9s Pedre\u00f1o (La Uni\u00f3n)<\/div>\r\n\t\t\t\t\t<a class=\"cbs-location-url\" href=\"#\">Seleccione<\/a>\r\n\t\t\t\t<\/div>\r\n\t\t\t<\/li>\r\n\t\t\t<li class=\"cbs-location-id-820\">\r\n\t\t\t\t<div>\r\n\t\t\t\t\t<div>Parking p\u00fablico de la Plaza de Espa\u00f1a (Cartagena)<\/div>\r\n\t\t\t\t\t<a class=\"cbs-location-url\" href=\"https:\/\/www.carwashlaunion.com\/2021\/?page_id=7949\">Seleccione<\/a>\r\n\t\t\t\t<\/div>\r\n\t\t\t<\/li>\r\n\t\t<\/ul>\r\n\t\t\t\t\t\t<\/div>\r\n\t\t\t\t\t\r\n\t\t\t\t\t<\/li>\r\n\r\n\t\t\t\t\t<!-- Vehicle -->\r\n\r\n\t\t\t\t\t<li class=\"cbs-main-list-item cbs-main-list-item-vehicle-list cbs-clear-fix\">\r\n\r\n\t\t<div class=\"cbs-main-list-item-section-header cbs-clear-fix\">\r\n\t\t\t<span class=\"cbs-main-list-item-section-header-step\">\r\n\t\t\t\t<span>2<\/span>\r\n\t\t\t\t<span>\/5<\/span>\r\n\t\t\t<\/span>\r\n\t\t\t<h4 class=\"cbs-main-list-item-section-header-header\">\r\n<span>Tipo de veh\u00edculo<\/span>\t\t\t<\/h4>\r\n\t\t\t<h5 class=\"cbs-main-list-item-section-header-subheader\">\r\n<span>Seleccione el tipo de veh\u00edculo a continuaci\u00f3n.<\/span>\t\t\t\t\r\n\t\t\t\t\r\n\t\t\t<\/h5>\r\n\t\t<\/div>\t\t\t\t\t\t<div class=\"cbs-main-list-item-section-content cbs-clear-fix\">\r\n\t\t<ul class=\"cbs-vehicle-list cbs-list-reset cbs-clear-fix\">\r\n\t\t\t<li class=\"cbs-vehicle-id-817 cbs-state-selected\">\r\n\t\t\t\t<div>\r\n\t\t\t\t\t<div class=\"cbs-vehicle-icon cbs-vehicle-icon-station-wagon\"><\/div>\t\t\t\t\t<div>Familiar<\/div>\r\n\t\t\t\t<\/div>\r\n\t\t\t<\/li>\r\n\t\t\t<li class=\"cbs-vehicle-id-823\">\r\n\t\t\t\t<div>\r\n\t\t\t\t\t<div class=\"cbs-vehicle-icon cbs-vehicle-icon-minivan\"><\/div>\t\t\t\t\t<div>Furgoneta<\/div>\r\n\t\t\t\t<\/div>\r\n\t\t\t<\/li>\r\n\t\t\t<li class=\"cbs-vehicle-id-822\">\r\n\t\t\t\t<div>\r\n\t\t\t\t\t<div class=\"cbs-vehicle-icon cbs-vehicle-icon-pickup\"><\/div>\t\t\t\t\t<div>Todocamino\/4x4<\/div>\r\n\t\t\t\t<\/div>\r\n\t\t\t<\/li>\r\n\t\t\t<li class=\"cbs-vehicle-id-816\">\r\n\t\t\t\t<div>\r\n\t\t\t\t\t<div class=\"cbs-vehicle-icon cbs-vehicle-icon-small-car\"><\/div>\t\t\t\t\t<div>turismo<\/div>\r\n\t\t\t\t<\/div>\r\n\t\t\t<\/li>\r\n\t\t<\/ul>\r\n\t\t\t\t\t\t<\/div>\r\n\t\t\t\t\t\r\n\t\t\t\t\t<\/li>\r\n\t\t\t\t\t\r\n\t\t\t\t\t<!-- Package -->\r\n\t\t\t\t\t\r\n\t\t\t\t\t<!-- Service -->\r\n\t\t\t\t\t<li class=\"cbs-main-list-item cbs-main-list-item-service-list cbs-clear-fix\">\r\n\r\n\t\t<div class=\"cbs-main-list-item-section-header cbs-clear-fix\">\r\n\t\t\t<span class=\"cbs-main-list-item-section-header-step\">\r\n\t\t\t\t<span>3<\/span>\r\n\t\t\t\t<span>\/5<\/span>\r\n\t\t\t<\/span>\r\n\t\t\t<h4 class=\"cbs-main-list-item-section-header-header\">\r\n<span>Men\u00fa de los servicios de<\/span>\t\t\t<\/h4>\r\n\t\t\t<h5 class=\"cbs-main-list-item-section-header-subheader\">\r\n<span>A la carta, men\u00fa servicios.<\/span>\t\t\t\t\r\n\t\t\t\t\r\n\t\t\t<\/h5>\r\n\t\t<\/div>\t\t\t\t\t\t<div class=\"cbs-main-list-item-section-content cbs-clear-fix\">\r\n\t\t<ul class=\"cbs-service-list cbs-list-reset cbs-clear-fix cbs-state-to-hidden\">\r\n\t\t\t<li class=\"cbs-clear-fix cbs-service-id-841\">\r\n\t\t\t\t<div class=\"cbs-service-name\">\r\n\t\t\t\t\t<div class=\"cbs-title-link\">\r\n\t\t\t\t\t\t<span>Lavado exterior<\/span>\r\n\t\t\t\t\t\t<a class=\"cbs-more-link\" href=\"#\">\r\n\t\t\t\t\t\t\t<span>M\u00e1s...<\/span>\r\n\t\t\t\t\t\t\t<span class=\"cbs-state-hidden\">Menos...<\/span>\r\n\t\t\t\t\t\t<\/a>\r\n\t\t\t\t\t<\/div>\r\n\t\t\t\t\t<div class=\"cbs-more-content cbs-state-hidden\">\r\n\t\t\t\t\t\tEliminamos la suciedad de la carrocer\u00eda que se incrusta y que la puede da\u00f1ar en un futuro, como por ejemplo: insectos o residuos de p\u00e1jaro. Tambi\u00e9n se le proporciona una limpieza intensiva de cristales, llantas y neum\u00e1ticos.\t\t\t\t\t<\/div>\r\n\t\t\t\t<\/div>\r\n\t\t\t\t<div class=\"cbs-service-duration\">\r\n\t\t\t\t\t<span class=\"cbs-meta-icon cbs-meta-icon-duration\"><\/span>\r\n\t\t\t\t\t30min\t\t\t\t<\/div>\r\n\t\t\t\t<div class=\"cbs-service-price\">\r\n\t\t\t\t\t<span class=\"cbs-meta-icon cbs-meta-icon-price\"><\/span>\r\n\t\t\t\t\t0,00 &euro;\t\t\t\t<\/div>\r\n\t\t\t\t<div class=\"cbs-button-box\">\r\n\t\t\t\t\t<a class=\"cbs-button\" href=\"#\">Seleccione<\/a>\r\n\t\t\t\t<\/div>\r\n\t\t\t<\/li>\r\n\t\t\t<li class=\"cbs-clear-fix cbs-service-id-840\">\r\n\t\t\t\t<div class=\"cbs-service-name\">\r\n\t\t\t\t\t<div class=\"cbs-title-link\">\r\n\t\t\t\t\t\t<span>Limpieza interior<\/span>\r\n\t\t\t\t\t\t<a class=\"cbs-more-link\" href=\"#\">\r\n\t\t\t\t\t\t\t<span>M\u00e1s...<\/span>\r\n\t\t\t\t\t\t\t<span class=\"cbs-state-hidden\">Menos...<\/span>\r\n\t\t\t\t\t\t<\/a>\r\n\t\t\t\t\t<\/div>\r\n\t\t\t\t\t<div class=\"cbs-more-content cbs-state-hidden\">\r\n\t\t\t\t\t\tIncluye un aspirado en profundidad de las alfombrillas, suelo, maletero, limpieza del salpicadero, paneles de puertas y pl\u00e1sticos del maletero, usando los mejores productos para una limpieza m\u00e1s duradera.\t\t\t\t\t<\/div>\r\n\t\t\t\t<\/div>\r\n\t\t\t\t<div class=\"cbs-service-duration\">\r\n\t\t\t\t\t<span class=\"cbs-meta-icon cbs-meta-icon-duration\"><\/span>\r\n\t\t\t\t\t30min\t\t\t\t<\/div>\r\n\t\t\t\t<div class=\"cbs-service-price\">\r\n\t\t\t\t\t<span class=\"cbs-meta-icon cbs-meta-icon-price\"><\/span>\r\n\t\t\t\t\t0,00 &euro;\t\t\t\t<\/div>\r\n\t\t\t\t<div class=\"cbs-button-box\">\r\n\t\t\t\t\t<a class=\"cbs-button\" href=\"#\">Seleccione<\/a>\r\n\t\t\t\t<\/div>\r\n\t\t\t<\/li>\r\n\t\t\t<li class=\"cbs-clear-fix cbs-service-id-839\">\r\n\t\t\t\t<div class=\"cbs-service-name\">\r\n\t\t\t\t\t<div class=\"cbs-title-link\">\r\n\t\t\t\t\t\t<span>Limpieza de tapiceria<\/span>\r\n\t\t\t\t\t\t<a class=\"cbs-more-link\" href=\"#\">\r\n\t\t\t\t\t\t\t<span>M\u00e1s...<\/span>\r\n\t\t\t\t\t\t\t<span class=\"cbs-state-hidden\">Menos...<\/span>\r\n\t\t\t\t\t\t<\/a>\r\n\t\t\t\t\t<\/div>\r\n\t\t\t\t\t<div class=\"cbs-more-content cbs-state-hidden\">\r\n\t\t\t\t\t\tEn el coche se realizan un sin fin de actividades que pueden provocar una gran variedad de manchas en la tapicer\u00eda de nuestro veh\u00edculo. Nuestro servicio de limpieza de tapicer\u00edas, usando los mejores productos, garantiza un resultado perfecto (Para veh\u00edculo de 5 plazas)\t\t\t\t\t<\/div>\r\n\t\t\t\t<\/div>\r\n\t\t\t\t<div class=\"cbs-service-duration\">\r\n\t\t\t\t\t<span class=\"cbs-meta-icon cbs-meta-icon-duration\"><\/span>\r\n\t\t\t\t\t60min\t\t\t\t<\/div>\r\n\t\t\t\t<div class=\"cbs-service-price\">\r\n\t\t\t\t\t<span class=\"cbs-meta-icon cbs-meta-icon-price\"><\/span>\r\n\t\t\t\t\t0,00 &euro;\t\t\t\t<\/div>\r\n\t\t\t\t<div class=\"cbs-button-box\">\r\n\t\t\t\t\t<a class=\"cbs-button\" href=\"#\">Seleccione<\/a>\r\n\t\t\t\t<\/div>\r\n\t\t\t<\/li>\r\n\t\t\t<li class=\"cbs-clear-fix cbs-service-id-837\">\r\n\t\t\t\t<div class=\"cbs-service-name\">\r\n\t\t\t\t\t<div class=\"cbs-title-link\">\r\n\t\t\t\t\t\t<span>Desinfecci\u00f3n con Ozono<\/span>\r\n\t\t\t\t\t\t<a class=\"cbs-more-link\" href=\"#\">\r\n\t\t\t\t\t\t\t<span>M\u00e1s...<\/span>\r\n\t\t\t\t\t\t\t<span class=\"cbs-state-hidden\">Menos...<\/span>\r\n\t\t\t\t\t\t<\/a>\r\n\t\t\t\t\t<\/div>\r\n\t\t\t\t\t<div class=\"cbs-more-content cbs-state-hidden\">\r\n\t\t\t\t\t\tDe ah\u00ed sus extraordinarias propiedades biocidas, desodorantes y de destrucci\u00f3n de compuestos qu\u00edmicos lo hace perfecto para la eliminaci\u00f3n de virus como el Coronavirus en el interior de su veh\u00edculo.\t\t\t\t\t<\/div>\r\n\t\t\t\t<\/div>\r\n\t\t\t\t<div class=\"cbs-service-duration\">\r\n\t\t\t\t\t<span class=\"cbs-meta-icon cbs-meta-icon-duration\"><\/span>\r\n\t\t\t\t\t30min\t\t\t\t<\/div>\r\n\t\t\t\t<div class=\"cbs-service-price\">\r\n\t\t\t\t\t<span class=\"cbs-meta-icon cbs-meta-icon-price\"><\/span>\r\n\t\t\t\t\t0,00 &euro;\t\t\t\t<\/div>\r\n\t\t\t\t<div class=\"cbs-button-box\">\r\n\t\t\t\t\t<a class=\"cbs-button\" href=\"#\">Seleccione<\/a>\r\n\t\t\t\t<\/div>\r\n\t\t\t<\/li>\r\n\t\t<\/ul>\r\n\t\t\t\t\t\t<\/div>\r\n\t\t\t\t\t\t\r\n\t\t\t\t\t<\/li>\r\n\t\t\t\t\r\n\t\t\t\t\t<!-- Date and time -->\r\n\t\t\t\t\t<li class=\"cbs-main-list-item cbs-main-list-item-calendar cbs-clear-fix\">\r\n\r\n\t\t<div class=\"cbs-main-list-item-section-header cbs-clear-fix\">\r\n\t\t\t<span class=\"cbs-main-list-item-section-header-step\">\r\n\t\t\t\t<span>4<\/span>\r\n\t\t\t\t<span>\/5<\/span>\r\n\t\t\t<\/span>\r\n\t\t\t<h4 class=\"cbs-main-list-item-section-header-header\">\r\n<span>Seleccione la fecha y la hora<\/span>\t\t\t<\/h4>\r\n\t\t\t<h5 class=\"cbs-main-list-item-section-header-subheader\">\r\n<span>Haga clic en cualquier momento para hacer una reserva.<\/span>\t\t\t\t\r\n\t\t\t\t\r\n\t\t\t<\/h5>\r\n\t\t<\/div>\t\t\t\t\t<div class=\"cbs-main-list-item-section-content cbs-clear-fix\">\r\n\r\n\t\t<div  class=\"cbs-main-list-item-section-content cbs-clear-fix\">\r\n\r\n\t\t\t<div class=\"cbs-calendar-header\">\r\n\t\t\t\t<a href=\"#\"  class=\"cbs-calendar-header-arrow-left cbs-meta-icon cbs-meta-icon-arrow-horizontal\" data-advance-period=\"1\"><\/a>\r\n\t\t\t\t<span  class=\"cbs-calendar-header-caption\">\r\n<span class=\"cbs-calendar-month-number-05\">mayo 2026<\/span>\t\t\t\t<\/span>\r\n\t\t\t\t<a href=\"#\"  class=\"cbs-calendar-header-arrow-right cbs-meta-icon cbs-meta-icon-arrow-horizontal\" data-advance-period=\"1\"><\/a>\r\n\t\t\t<\/div>\r\n\t\t\t\r\n\t\t\t<div class=\"cbs-calendar-table-wrapper\">\r\n\t\t\t\r\n\t\t\t\t<table  class=\"cbs-calendar\" cellpadding=\"0\" cellspacing=\"0\" border=\"0\">\r\n\t\t\t\t\t\r\n\t\t\t\t\t<tr  class=\"cbs-calendar-subheader\">\r\n\t\t\t\t\t\t<th class=\"cbs-date-id-07052026\" data-date-full=\"07\/05\/26\">\r\n\t\t\t\t\t\t\t<div class=\"cbs-clear-fix\">\r\n\t\t\t\t\t\t\t\t<span class=\"cbs-calendar-subheader-day-number cbs-state-selected\">07<\/span>\r\n\t\t\t\t\t\t\t\t<span class=\"cbs-calendar-subheader-day-name\">Jue<\/span>\r\n\t\t\t\t\t\t\t<\/div>\r\n\t\t\t\t\t\t<\/th>\r\n\t\t\t\t\t\t<th class=\"cbs-date-id-08052026\" data-date-full=\"08\/05\/26\">\r\n\t\t\t\t\t\t\t<div class=\"cbs-clear-fix\">\r\n\t\t\t\t\t\t\t\t<span class=\"cbs-calendar-subheader-day-number\">08<\/span>\r\n\t\t\t\t\t\t\t\t<span class=\"cbs-calendar-subheader-day-name\">Vie<\/span>\r\n\t\t\t\t\t\t\t<\/div>\r\n\t\t\t\t\t\t<\/th>\r\n\t\t\t\t\t\t<th class=\"cbs-date-id-09052026\" data-date-full=\"09\/05\/26\">\r\n\t\t\t\t\t\t\t<div class=\"cbs-clear-fix\">\r\n\t\t\t\t\t\t\t\t<span class=\"cbs-calendar-subheader-day-number\">09<\/span>\r\n\t\t\t\t\t\t\t\t<span class=\"cbs-calendar-subheader-day-name\">S\u00e1b<\/span>\r\n\t\t\t\t\t\t\t<\/div>\r\n\t\t\t\t\t\t<\/th>\r\n\t\t\t\t\t\t<th class=\"cbs-date-id-10052026\" data-date-full=\"10\/05\/26\">\r\n\t\t\t\t\t\t\t<div class=\"cbs-clear-fix\">\r\n\t\t\t\t\t\t\t\t<span class=\"cbs-calendar-subheader-day-number cbs-state-disable\">10<\/span>\r\n\t\t\t\t\t\t\t\t<span class=\"cbs-calendar-subheader-day-name\">Dom<\/span>\r\n\t\t\t\t\t\t\t<\/div>\r\n\t\t\t\t\t\t<\/th>\r\n\t\t\t\t\t\t<th class=\"cbs-date-id-11052026\" data-date-full=\"11\/05\/26\">\r\n\t\t\t\t\t\t\t<div class=\"cbs-clear-fix\">\r\n\t\t\t\t\t\t\t\t<span class=\"cbs-calendar-subheader-day-number\">11<\/span>\r\n\t\t\t\t\t\t\t\t<span class=\"cbs-calendar-subheader-day-name\">Lun<\/span>\r\n\t\t\t\t\t\t\t<\/div>\r\n\t\t\t\t\t\t<\/th>\r\n\t\t\t\t\t\t<th class=\"cbs-date-id-12052026\" data-date-full=\"12\/05\/26\">\r\n\t\t\t\t\t\t\t<div class=\"cbs-clear-fix\">\r\n\t\t\t\t\t\t\t\t<span class=\"cbs-calendar-subheader-day-number\">12<\/span>\r\n\t\t\t\t\t\t\t\t<span class=\"cbs-calendar-subheader-day-name\">Mar<\/span>\r\n\t\t\t\t\t\t\t<\/div>\r\n\t\t\t\t\t\t<\/th>\r\n\t\t\t\t\t\t<th class=\"cbs-date-id-13052026\" data-date-full=\"13\/05\/26\">\r\n\t\t\t\t\t\t\t<div class=\"cbs-clear-fix\">\r\n\t\t\t\t\t\t\t\t<span class=\"cbs-calendar-subheader-day-number\">13<\/span>\r\n\t\t\t\t\t\t\t\t<span class=\"cbs-calendar-subheader-day-name\">Mi\u00e9<\/span>\r\n\t\t\t\t\t\t\t<\/div>\r\n\t\t\t\t\t\t<\/th>\r\n\t\t\t\t\t<\/tr>\r\n\t\t\t\t\t<tr  class=\"cbs-calendar-data\">\r\n\t\t\t\t\t\t<td>\r\n\t\t\t\t\t\t\t<div>\r\n\t\t\t\t\t\t\t\t<ul class=\"cbs-list-reset cbs-state-to-hidden cbs-date-list\">\r\n\t\t\t\t\t\t\t\t\t<li class=\"cbs-date-id-070520261830\"><a href=\"#\">18:30<\/a><\/li>\r\n\t\t\t\t\t\t\t\t<\/ul>\r\n\t\t\t\t\t\t\t<\/div>\r\n\t\t\t\t\t\t<\/td>\r\n\t\t\t\t\t\t<td>\r\n\t\t\t\t\t\t\t<div>\r\n\t\t\t\t\t\t\t\t<ul class=\"cbs-list-reset cbs-state-to-hidden cbs-date-list\">\r\n\t\t\t\t\t\t\t\t\t<li class=\"cbs-date-id-080520260930\"><a href=\"#\">09:30<\/a><\/li>\r\n\t\t\t\t\t\t\t\t\t<li class=\"cbs-date-id-080520261100\"><a href=\"#\">11:00<\/a><\/li>\r\n\t\t\t\t\t\t\t\t\t<li class=\"cbs-date-id-080520261230\"><a href=\"#\">12:30<\/a><\/li>\r\n\t\t\t\t\t\t\t\t\t<li class=\"cbs-date-id-080520261700\"><a href=\"#\">17:00<\/a><\/li>\r\n\t\t\t\t\t\t\t\t\t<li class=\"cbs-date-id-080520261830\"><a href=\"#\">18:30<\/a><\/li>\r\n\t\t\t\t\t\t\t\t<\/ul>\r\n\t\t\t\t\t\t\t<\/div>\r\n\t\t\t\t\t\t<\/td>\r\n\t\t\t\t\t\t<td>\r\n\t\t\t\t\t\t\t<div>\r\n\t\t\t\t\t\t\t\t<ul class=\"cbs-list-reset cbs-state-to-hidden cbs-date-list\">\r\n\t\t\t\t\t\t\t\t\t<li class=\"cbs-date-id-090520260930\"><a href=\"#\">09:30<\/a><\/li>\r\n\t\t\t\t\t\t\t\t\t<li class=\"cbs-date-id-090520261100\"><a href=\"#\">11:00<\/a><\/li>\r\n\t\t\t\t\t\t\t\t\t<li class=\"cbs-date-id-090520261230\"><a href=\"#\">12:30<\/a><\/li>\r\n\t\t\t\t\t\t\t\t<\/ul>\r\n\t\t\t\t\t\t\t<\/div>\r\n\t\t\t\t\t\t<\/td>\r\n\t\t\t\t\t\t<td>\r\n\t\t\t\t\t\t\t<div>\r\nNo disponible.\t\t\t\t\t\t\t<\/div>\r\n\t\t\t\t\t\t<\/td>\r\n\t\t\t\t\t\t<td>\r\n\t\t\t\t\t\t\t<div>\r\n\t\t\t\t\t\t\t\t<ul class=\"cbs-list-reset cbs-state-to-hidden cbs-date-list\">\r\n\t\t\t\t\t\t\t\t\t<li class=\"cbs-date-id-110520260930\"><a href=\"#\">09:30<\/a><\/li>\r\n\t\t\t\t\t\t\t\t\t<li class=\"cbs-date-id-110520261100\"><a href=\"#\">11:00<\/a><\/li>\r\n\t\t\t\t\t\t\t\t\t<li class=\"cbs-date-id-110520261230\"><a href=\"#\">12:30<\/a><\/li>\r\n\t\t\t\t\t\t\t\t\t<li class=\"cbs-date-id-110520261700\"><a href=\"#\">17:00<\/a><\/li>\r\n\t\t\t\t\t\t\t\t\t<li class=\"cbs-date-id-110520261830\"><a href=\"#\">18:30<\/a><\/li>\r\n\t\t\t\t\t\t\t\t<\/ul>\r\n\t\t\t\t\t\t\t<\/div>\r\n\t\t\t\t\t\t<\/td>\r\n\t\t\t\t\t\t<td>\r\n\t\t\t\t\t\t\t<div>\r\n\t\t\t\t\t\t\t\t<ul class=\"cbs-list-reset cbs-state-to-hidden cbs-date-list\">\r\n\t\t\t\t\t\t\t\t\t<li class=\"cbs-date-id-120520260930\"><a href=\"#\">09:30<\/a><\/li>\r\n\t\t\t\t\t\t\t\t\t<li class=\"cbs-date-id-120520261100\"><a href=\"#\">11:00<\/a><\/li>\r\n\t\t\t\t\t\t\t\t\t<li class=\"cbs-date-id-120520261230\"><a href=\"#\">12:30<\/a><\/li>\r\n\t\t\t\t\t\t\t\t\t<li class=\"cbs-date-id-120520261700\"><a href=\"#\">17:00<\/a><\/li>\r\n\t\t\t\t\t\t\t\t\t<li class=\"cbs-date-id-120520261830\"><a href=\"#\">18:30<\/a><\/li>\r\n\t\t\t\t\t\t\t\t<\/ul>\r\n\t\t\t\t\t\t\t<\/div>\r\n\t\t\t\t\t\t<\/td>\r\n\t\t\t\t\t\t<td>\r\n\t\t\t\t\t\t\t<div>\r\n\t\t\t\t\t\t\t\t<ul class=\"cbs-list-reset cbs-state-to-hidden cbs-date-list\">\r\n\t\t\t\t\t\t\t\t\t<li class=\"cbs-date-id-130520260930\"><a href=\"#\">09:30<\/a><\/li>\r\n\t\t\t\t\t\t\t\t\t<li class=\"cbs-date-id-130520261100\"><a href=\"#\">11:00<\/a><\/li>\r\n\t\t\t\t\t\t\t\t\t<li class=\"cbs-date-id-130520261230\"><a href=\"#\">12:30<\/a><\/li>\r\n\t\t\t\t\t\t\t\t\t<li class=\"cbs-date-id-130520261700\"><a href=\"#\">17:00<\/a><\/li>\r\n\t\t\t\t\t\t\t\t\t<li class=\"cbs-date-id-130520261830\"><a href=\"#\">18:30<\/a><\/li>\r\n\t\t\t\t\t\t\t\t<\/ul>\r\n\t\t\t\t\t\t\t<\/div>\r\n\t\t\t\t\t\t<\/td>\r\n\t\t\t\t\t<\/tr>\r\n\t\t\t\t\r\n\t\t\t\t<\/table>\r\n\t\t\t\t\r\n\t\t\t\t<input type=\"hidden\" name=\"cbs-calendar-column-count\" value=\"0\"\/>\r\n\t\t\t\t\r\n\t\t\t<\/div>\r\n\r\n\t\t<\/div>\t\t\t\t\t\t<\/div>\r\n\t\t\t\t\t\r\n\t\t\t\t\t<\/li>\r\n\t\t\t\t\t\r\n\t\t\t\t\t<!-- Booking summary -->\r\n\t\t\t\t\t<li class=\"cbs-main-list-item cbs-main-list-item-booking cbs-clear-fix\">\r\n\r\n\t\t<div class=\"cbs-main-list-item-section-header cbs-clear-fix\">\r\n\t\t\t<span class=\"cbs-main-list-item-section-header-step\">\r\n\t\t\t\t<span>5<\/span>\r\n\t\t\t\t<span>\/5<\/span>\r\n\t\t\t<\/span>\r\n\t\t\t<h4 class=\"cbs-main-list-item-section-header-header\">\r\n<span>Resumen de la reserva<\/span>\t\t\t<\/h4>\r\n\t\t\t<h5 class=\"cbs-main-list-item-section-header-subheader\">\r\n<span>Por favor nos proporcione su informaci\u00f3n de contacto.<\/span>\t\t\t\t\r\n\t\t\t\t\r\n\t\t\t<\/h5>\r\n\t\t<\/div>\t\t\t\t\t\t<div class=\"cbs-main-list-item-section-content cbs-clear-fix\">\r\n\r\n\t\t<div class=\"cbs-main-list-item-section-content cbs-clear-fix\">\r\n\r\n\t\t\t<ul class=\"cbs-booking-summary cbs-list-reset cbs-clear-fix\">\r\n\r\n\t\t\t\t<li class=\"cbs-booking-summary-date\">\r\n\t\t\t\t\t<div class=\"cbs-meta-icon cbs-meta-icon-date\"><\/div>\r\n\t\t\t\t\t<h5>\r\n\t\t\t\t\t\t<span><\/span>\r\n\t\t\t\t\t\t<span>?<\/span>\r\n\t\t\t\t\t<\/h5>\r\n\t\t\t\t\t<span>La Fecha De Su Cita<\/span>\r\n\t\t\t\t<\/li>\r\n\r\n\t\t\t\t<li class=\"cbs-booking-summary-time\">\r\n\t\t\t\t\t<div class=\"cbs-meta-icon cbs-meta-icon-time\"><\/div>\r\n\t\t\t\t\t<h5>\r\n\t\t\t\t\t\t<span><\/span>\r\n\t\t\t\t\t\t<span>?<\/span>\r\n\t\t\t\t\t<\/h5>\r\n\t\t\t\t\t<span>La Hora De Su Cita<\/span>\t\t\t\t\r\n\t\t\t\t<\/li>\r\n\t\t\t\t<li class=\"cbs-booking-summary-duration\">\r\n\t\t\t\t\t<div class=\"cbs-meta-icon cbs-meta-icon-total-duration\"><\/div>\r\n\t\t\t\t\t<h5>\r\n\t\t\t\t\t\t<span>0<\/span>\r\n\t\t\t\t\t\t<span>h<\/span>\r\n\t\t\t\t\t\t&nbsp;\r\n\t\t\t\t\t\t<span>0<\/span>\r\n\t\t\t\t\t\t<span>min<\/span>\r\n\t\t\t\t\t<\/h5>\r\n\t\t\t\t\t<span>Duraci\u00f3n<\/span>\r\n\t\t\t\t<\/li>\r\n\r\n\t\t\t\t<li class=\"cbs-booking-summary-price \">\r\n\t\t\t\t\t<div class=\"cbs-meta-icon cbs-meta-icon-total-price\"><\/div>\r\n\t\t\t\t\t<h5>\r\n\t\t\t\t\t\t<span class=\"cbs-booking-summary-price-value\">0,00<\/span>\r\n\t\t\t\t\t\t<span class=\"cbs-booking-summary-price-symbol\">&euro;<\/span>\r\n\t\t\t\t\t<\/h5>\r\n\t\t\t\t\t<span>Precio Total<\/span>\t\t\t\t\r\n\t\t\t\t<\/li>\r\n\r\n\t\t\t<\/ul>\r\n\t\t\t\r\n\t\t<\/div>\t\t\t\t\t\t\t\r\n\t\t\t\t\t\t\t<div class=\"cbs-main-list-item-contact-details\">\r\n\t\t<div class=\"cbs-main-list-item-section-content cbs-clear-fix \">\r\n\t\t\t<div class=\"cbs-clear-fix\">\r\n\t\t\t\t<div class=\"cbs-form-field cbs-form-field-first-name cbs-form-width-50\">\r\n\t\t\t\t\t<label>Primer nombre *<\/label>\r\n\t\t\t\t\t<input type=\"text\" name=\"client_first_name\" autocomplete=\"off\" value=\"\"\/>\r\n\t\t\t\t<\/div>\r\n\t\t\t\t<div class=\"cbs-form-field cbs-form-field-last-name cbs-form-width-50\">\r\n\t\t\t\t\t<label>Apellido *<\/label>\r\n\t\t\t\t\t<input type=\"text\" name=\"client_second_name\" autocomplete=\"off\" value=\"\"\/>\r\n\t\t\t\t<\/div>\r\n\t\t\t<\/div>\r\n\t\t\t<div class=\"cbs-clear-fix\">\r\n\t\t\r\n\t\t\t<\/div>\r\n\t\t\t<div class=\"cbs-clear-fix\">\r\n\t\t\t\t<div class=\"cbs-form-field cbs-form-field-email cbs-form-width-50\">\r\n\t\t\t\t\t<label>Su direcci\u00f3n de E-mail *<\/label>\r\n\t\t\t\t\t<input type=\"text\" name=\"client_email_address\" autocomplete=\"off\" value=\"\"\/>\r\n\t\t\t\t<\/div>\r\n\t\t\t\t<div class=\"cbs-form-field cbs-form-field-phone cbs-form-width-50\">\r\n\t\t\t\t\t<label>N\u00famero De Tel\u00e9fono *<\/label>\r\n\t\t\t\t\t<input type=\"text\" name=\"client_phone_number\" autocomplete=\"off\" value=\"\"\/>\r\n\t\t\t\t<\/div>\r\n\t\t\t<\/div>\r\n\t\t\t<div class=\"cbs-clear-fix\">\r\n\t\t\t\t<div class=\"cbs-form-field cbs-form-field-model cbs-form-width-100\">\r\n\t\t\t\t\t<label>Marca y Modelo del veh\u00edculo *<\/label>\r\n\t\t\t\t\t<input type=\"text\" name=\"client_vehicle\" autocomplete=\"off\" value=\"\"\/>\r\n\t\t\t\t<\/div>\r\n\t\t\t<\/div>\r\n\t\t\t<div class=\"cbs-clear-fix\">\r\n\t\t\t\t<div class=\"cbs-form-field cbs-form-field-message cbs-form-width-100\">\r\n\t\t\t\t\t<label>Mensaje<\/label>\r\n\t\t\t\t\t<textarea rows=\"1\" cols=\"1\" name=\"client_message\"><\/textarea>\r\n\t\t\t\t<\/div>\r\n\t\t\t<\/div>\r\n\t\t\t<div class=\"cbs-clear-fix\">\r\n\t\t\t\t<div class=\"cbs-form-field cbs-form-field-model cbs-form-width-100\">\r\n\t\t\t\t\t<label>Tipo de pago<\/label>\r\n\t\t\t\t\t<select name=\"payment_type\" autocomplete=\"off\">\r\n\t\t\t\t\t\t<option value=\"\" selected>Seleccionar un m\u00e9todo de pago<\/option>\r\n\t\t\t\t\t<\/select>\r\n\t\t\t\t<\/div>\r\n\t\t\t<\/div>\r\n\r\n\t\t\t<div class=\"cbs-form-summary cbs-clear-fix\">\r\n\t\t\t\t<div class=\"cbs-agreement\">\r\n\t\t\t\t\r\n\t\t\t\t\t<div class=\"cbs-clear-fix\">\r\n\t\t\t\t\t\t<span class=\"cbs-form-checkbox\">\r\n\t\t\t\t\t\t\t<span class=\"cbs-meta-icon cbs-meta-icon-check\"><\/span>\r\n\t\t\t\t\t\t<\/span>\r\n\t\t\t\t\t\t<input type=\"hidden\" name=\"form_agreement_ADCCD0F4E7135DBC7D38B4DA42D691C5\" value=\"0\" autocomplete=\"off\"\/> \r\n\t\t\t\t\t\t<div>admin<\/div>\r\n\t\t\t\t\t<\/div>\r\n\t\t\t\t\r\n\t\t\t\t\t<div class=\"cbs-clear-fix\">\r\n\t\t\t\t\t\t<span class=\"cbs-form-checkbox\">\r\n\t\t\t\t\t\t\t<span class=\"cbs-meta-icon cbs-meta-icon-check\"><\/span>\r\n\t\t\t\t\t\t<\/span>\r\n\t\t\t\t\t\t<input type=\"hidden\" name=\"form_agreement_C88A6060AE53AA9DB32DB6175C33064B\" value=\"0\" autocomplete=\"off\"\/> \r\n\t\t\t\t\t\t<div>admin<\/div>\r\n\t\t\t\t\t<\/div>\r\n\t\t\t\t\r\n\t\t\t\t\t<div class=\"cbs-clear-fix\">\r\n\t\t\t\t\t\t<span class=\"cbs-form-checkbox\">\r\n\t\t\t\t\t\t\t<span class=\"cbs-meta-icon cbs-meta-icon-check\"><\/span>\r\n\t\t\t\t\t\t<\/span>\r\n\t\t\t\t\t\t<input type=\"hidden\" name=\"form_agreement_F4AE61E33C5F1E3A513C3D36B9AD883A\" value=\"0\" autocomplete=\"off\"\/> \r\n\t\t\t\t\t\t<div>admin<\/div>\r\n\t\t\t\t\t<\/div>\r\n\t\t\t\t<\/div>\r\n\t\t\t\t<div class=\"cbs-form-info\">Recibir\u00e1 un mensaje de confirmaci\u00f3n v\u00eda correo electr\u00f3nico en breves instantes.<\/div>\r\n\t\t\t\t<input type=\"submit\" class=\"cbs-button\" value=\"Confirmar La Reserva\" \/>\r\n\t\t\t<\/div>\r\n\t\t<\/div>\r\n\r\n\r\n\t\t\r\n\t\t\r\n\t\t\t\t\t\t\t<\/div>\r\n\t\t\t\t\t\t<\/div>\r\n\t\t\t\t\t\t\r\n\t\t\t\t\t<\/li>\r\n\t\t\t\t\t\r\n\r\n\t\t\t\t<\/ul>\r\n\t\t\t\t\r\n\t\t\t\t<div id=\"cbs-preloader\"><\/div>\r\n\t\t\t\t\r\n\t\t\t<\/form>\r\n\r\n\t\t\t<form action=\"https:\/\/www.paypal.com\/cgi-bin\/webscr\" method=\"post\" name=\"cbs-form-paypal\">\r\n\t\t\t\t<input type=\"hidden\" name=\"cmd\" value=\"_xclick\">\r\n\t\t\t\t<input type=\"hidden\" name=\"business\" value=\"\">\t\t\t\t\r\n\t\t\t\t<input type=\"hidden\" name=\"item_name\" value=\"\">\r\n\t\t\t\t<input type=\"hidden\" name=\"item_number\" value=\"0\">\r\n\t\t\t\t<input type=\"hidden\" name=\"amount\" value=\"0.00\">\t\r\n\t\t\t\t<input type=\"hidden\" name=\"currency_code\" value=\"\">\r\n\t\t\t\t<input type=\"hidden\" value=\"1\" name=\"no_shipping\">\r\n\t\t\t\t<input type=\"hidden\" value=\"https:\/\/www.carwashlaunion.com\/2021\/?page_id=7945?action=ipn\" name=\"notify_url\">\t\t\t\t\r\n\t\t\t\t<input type=\"hidden\" value=\"https:\/\/www.carwashlaunion.com\/2021\/?page_id=7945&#038;action=success\" name=\"return\">\r\n\t\t\t\t<input type=\"hidden\" value=\"https:\/\/www.carwashlaunion.com\/2021\/?page_id=7945&#038;action=cancel\" name=\"cancel_return\">\r\n\t\t\t<\/form>\r\n\t\t\t\t<\/div>\r\n\r\n\t\t<script type=\"text\/javascript\">\r\n\t\t\tjQuery(document).ready(function($) \r\n\t\t\t{\r\n\t\t\t\t$('#cbs_0DE6855A9BC423BA40AA46E80B5E0C92').CBSPlugin({locationId:821,pageId:7945});\r\n\t\t\t});\r\n\t\t<\/script>\n","protected":false},"excerpt":{"rendered":"1 \/5 Seleccione la ubicaci\u00f3n Seleccione la ubicaci\u00f3n de abajo. A domicilio (La Uni\u00f3n-Cartagena) Seleccione Calle Andr\u00e9s Pedre\u00f1o (La Uni\u00f3n) Seleccione Parking p\u00fablico de la Plaza de Espa\u00f1a (Cartagena) Seleccione 2 \/5 Tipo de veh\u00edculo Seleccione el tipo de veh\u00edculo a continuaci\u00f3n. Familiar Furgoneta Todocamino\/4x4 turismo 3 \/5 Men\u00fa de los servicios de A la [...]","protected":false},"author":1,"featured_media":0,"parent":7813,"menu_order":2,"comment_status":"closed","ping_status":"closed","template":"","meta":{"footnotes":""},"class_list":["post-7945","page","type-page","status-publish","hentry"],"_links":{"self":[{"href":"https:\/\/www.carwashlaunion.com\/2021\/index.php?rest_route=\/wp\/v2\/pages\/7945","targetHints":{"allow":["GET"]}}],"collection":[{"href":"https:\/\/www.carwashlaunion.com\/2021\/index.php?rest_route=\/wp\/v2\/pages"}],"about":[{"href":"https:\/\/www.carwashlaunion.com\/2021\/index.php?rest_route=\/wp\/v2\/types\/page"}],"author":[{"embeddable":true,"href":"https:\/\/www.carwashlaunion.com\/2021\/index.php?rest_route=\/wp\/v2\/users\/1"}],"replies":[{"embeddable":true,"href":"https:\/\/www.carwashlaunion.com\/2021\/index.php?rest_route=%2Fwp%2Fv2%2Fcomments&post=7945"}],"version-history":[{"count":3,"href":"https:\/\/www.carwashlaunion.com\/2021\/index.php?rest_route=\/wp\/v2\/pages\/7945\/revisions"}],"predecessor-version":[{"id":7952,"href":"https:\/\/www.carwashlaunion.com\/2021\/index.php?rest_route=\/wp\/v2\/pages\/7945\/revisions\/7952"}],"up":[{"embeddable":true,"href":"https:\/\/www.carwashlaunion.com\/2021\/index.php?rest_route=\/wp\/v2\/pages\/7813"}],"wp:attachment":[{"href":"https:\/\/www.carwashlaunion.com\/2021\/index.php?rest_route=%2Fwp%2Fv2%2Fmedia&parent=7945"}],"curies":[{"name":"wp","href":"https:\/\/api.w.org\/{rel}","templated":true}]}}